{"id":127,"date":"2021-01-03T16:56:32","date_gmt":"2021-01-03T15:56:32","guid":{"rendered":"https:\/\/high-lock-security.com\/?post_type=product&#038;p=127"},"modified":"2025-03-23T17:42:29","modified_gmt":"2025-03-23T16:42:29","slug":"kingpin-las","status":"publish","type":"product","link":"https:\/\/high-lock-security.com\/de\/produkt\/kingpin-las\/","title":{"rendered":"KINGPIN L\u00c5S"},"content":{"rendered":"","protected":false},"excerpt":{"rendered":"<div style=\"font-family: 'Poppins',Helvetica,Arial,Lucida,sans-serif!important;\">\n<h4>Kingpin-Schloss<\/h4>\n<p>Das Kingpin-Schloss sichert Ihren Anh\u00e4nger gegen Diebstahl. Der Verriegelungsmechanismus besteht aus rostfreiem Stahl und ist wind- und wetterbest\u00e4ndig. Das Schloss verwendet einen Sternschl\u00fcssel mit einem 7-Punkt-Schlie\u00dfsystem, das \u00fcber 5 Millionen Schl\u00fcsselkombinationen zul\u00e4sst. Der Rest des Schlosses besteht aus massivem Gusseisen und ist entweder blau oder gelb lackiert. Au\u00dferdem ist das Schloss mit einem h\u00e4ngenden Warnschild in leuchtender gelber Farbe versehen, das schon von weitem deutlich macht, dass der Anh\u00e4nger gegen Diebstahl gesch\u00fctzt ist. Das Kingpin-Schloss kann in Verbindung mit einem unserer HLS-Containerschl\u00f6sser verwendet werden, um den Diebstahl von Anh\u00e4nger und Ware zu verhindern.<\/p>\n<p>&nbsp;<\/p>\n<table style=\"height: 287px;\" width=\"339\">\n<tbody>\n<tr>\n<td><b>Materialschloss<\/b><\/td>\n<td>Edelstahl<\/td>\n<\/tr>\n<tr>\n<td><b>Material des Schlossk\u00f6rpers<\/b><\/td>\n<td>Gusseisen<\/td>\n<\/tr>\n<tr>\n<td><b>Schlosskasten innen<\/b><\/td>\n<td>ca. 75 mm<\/td>\n<\/tr>\n<tr>\n<td><b>Schlosskasten au\u00dfen<\/b><\/td>\n<td>ca. 93 mm<\/td>\n<\/tr>\n<tr>\n<td><b>Schlosskastenh\u00f6he<\/b><\/td>\n<td>ca. 98 mm<\/td>\n<\/tr>\n<\/tbody>\n<\/table>\n<\/div>","protected":false},"featured_media":694,"template":"","meta":{"om_disable_all_campaigns":false,"inline_featured_image":false,"_monsterinsights_skip_tracking":false,"_monsterinsights_sitenote_active":false,"_monsterinsights_sitenote_note":"","_monsterinsights_sitenote_category":0,"_uf_show_specific_survey":0,"_uf_disable_surveys":false},"product_brand":[],"product_cat":[42],"product_tag":[],"class_list":{"0":"post-127","1":"product","2":"type-product","3":"status-publish","4":"has-post-thumbnail","6":"product_cat-lastbilslase","8":"first","9":"instock","10":"sale","11":"taxable","12":"shipping-taxable","13":"purchasable","14":"product-type-simple"},"aioseo_notices":[],"tiered_pricing_type":"fixed","tiered_pricing_fixed_rules":[],"tiered_pricing_product_settings":{"layout":"default","base_unit_name":{"singular":null,"plural":null},"default_variation":null},"tiered_pricing_minimum_quantity":null,"tiered_pricing_roles_data":[],"tiered_pricing_percentage_rules":[],"_links":{"self":[{"href":"https:\/\/high-lock-security.com\/de\/wp-json\/wp\/v2\/product\/127","targetHints":{"allow":["GET"]}}],"collection":[{"href":"https:\/\/high-lock-security.com\/de\/wp-json\/wp\/v2\/product"}],"about":[{"href":"https:\/\/high-lock-security.com\/de\/wp-json\/wp\/v2\/types\/product"}],"wp:featuredmedia":[{"embeddable":true,"href":"https:\/\/high-lock-security.com\/de\/wp-json\/wp\/v2\/media\/694"}],"wp:attachment":[{"href":"https:\/\/high-lock-security.com\/de\/wp-json\/wp\/v2\/media?parent=127"}],"wp:term":[{"taxonomy":"product_brand","embeddable":true,"href":"https:\/\/high-lock-security.com\/de\/wp-json\/wp\/v2\/product_brand?post=127"},{"taxonomy":"product_cat","embeddable":true,"href":"https:\/\/high-lock-security.com\/de\/wp-json\/wp\/v2\/product_cat?post=127"},{"taxonomy":"product_tag","embeddable":true,"href":"https:\/\/high-lock-security.com\/de\/wp-json\/wp\/v2\/product_tag?post=127"}],"curies":[{"name":"wp","href":"https:\/\/api.w.org\/{rel}","templated":true}]}}