{"id":398,"date":"2021-09-15T12:18:00","date_gmt":"2021-09-15T10:18:00","guid":{"rendered":"https:\/\/high-lock-security.com\/?page_id=398"},"modified":"2023-07-31T20:31:40","modified_gmt":"2023-07-31T18:31:40","slug":"om-os","status":"publish","type":"page","link":"https:\/\/high-lock-security.com\/de\/om-os\/","title":{"rendered":"\u00dcber uns"},"content":{"rendered":"<div data-elementor-type=\"wp-page\" data-elementor-id=\"398\" class=\"elementor elementor-398\" data-elementor-post-type=\"page\">\n\t\t\t\t\t\t<section class=\"elementor-section elementor-top-section elementor-element elementor-element-52736ca elementor-section-height-min-height elementor-section-boxed elementor-section-height-default elementor-section-items-middle\" data-id=\"52736ca\" data-element_type=\"section\" data-e-type=\"section\" data-settings=\"{&quot;background_background&quot;:&quot;classic&quot;}\">\n\t\t\t\t\t\t\t<div class=\"elementor-background-overlay\"><\/div>\n\t\t\t\t\t\t\t<div class=\"elementor-container elementor-column-gap-default\">\n\t\t\t\t\t<div class=\"elementor-column elementor-col-50 elementor-top-column elementor-element elementor-element-5a9cb28\" data-id=\"5a9cb28\" data-element_type=\"column\" data-e-type=\"column\">\n\t\t\t<div class=\"elementor-widget-wrap\">\n\t\t\t\t\t\t\t<\/div>\n\t\t<\/div>\n\t\t\t\t<div class=\"elementor-column elementor-col-50 elementor-top-column elementor-element elementor-element-9dadb05\" data-id=\"9dadb05\" data-element_type=\"column\" data-e-type=\"column\">\n\t\t\t<div class=\"elementor-widget-wrap elementor-element-populated\">\n\t\t\t\t\t\t<div class=\"elementor-element elementor-element-ea33e6e elementor-widget elementor-widget-heading\" data-id=\"ea33e6e\" data-element_type=\"widget\" data-e-type=\"widget\" data-widget_type=\"heading.default\">\n\t\t\t\t<div class=\"elementor-widget-container\">\n\t\t\t\t\t<h2 class=\"elementor-heading-title elementor-size-default\">D\u00e4nisches Design f\u00fcr ganz Europa<\/h2>\t\t\t\t<\/div>\n\t\t\t\t<\/div>\n\t\t\t\t<div class=\"elementor-element elementor-element-f596385 elementor-widget elementor-widget-heading\" data-id=\"f596385\" data-element_type=\"widget\" data-e-type=\"widget\" data-widget_type=\"heading.default\">\n\t\t\t\t<div class=\"elementor-widget-container\">\n\t\t\t\t\t<h2 class=\"elementor-heading-title elementor-size-default\">High Lock Security ist ein kleines d\u00e4nisches Familienunternehmen aus S\u00f8nderborg mit Kunden in ganz Europa. Im Jahr 2000 wurde das Unternehmen von Hans J\u00f8rgen Auerbach gegr\u00fcndet und wird noch immer von der Familie betrieben. <\/h2>\t\t\t\t<\/div>\n\t\t\t\t<\/div>\n\t\t\t\t\t<\/div>\n\t\t<\/div>\n\t\t\t\t\t<\/div>\n\t\t<\/section>\n\t\t\t\t<section class=\"elementor-section elementor-top-section elementor-element elementor-element-19ad3c3 elementor-section-content-bottom elementor-section-boxed elementor-section-height-default elementor-section-height-default\" data-id=\"19ad3c3\" data-element_type=\"section\" data-e-type=\"section\" data-settings=\"{&quot;background_background&quot;:&quot;classic&quot;}\">\n\t\t\t\t\t\t<div class=\"elementor-container elementor-column-gap-default\">\n\t\t\t\t\t<div class=\"elementor-column elementor-col-50 elementor-top-column elementor-element elementor-element-8ac0761\" data-id=\"8ac0761\" data-element_type=\"column\" data-e-type=\"column\">\n\t\t\t<div class=\"elementor-widget-wrap elementor-element-populated\">\n\t\t\t\t\t\t<div class=\"elementor-element elementor-element-7590056 elementor-widget elementor-widget-heading\" data-id=\"7590056\" data-element_type=\"widget\" data-e-type=\"widget\" data-widget_type=\"heading.default\">\n\t\t\t\t<div class=\"elementor-widget-container\">\n\t\t\t\t\t<h2 class=\"elementor-heading-title elementor-size-default\">Der Versicherungsvertreter, der den Diebstahl stoppen wollte <\/h2>\t\t\t\t<\/div>\n\t\t\t\t<\/div>\n\t\t\t\t<div class=\"elementor-element elementor-element-c6e9270 elementor-widget elementor-widget-global elementor-global-864 elementor-widget-heading\" data-id=\"c6e9270\" data-element_type=\"widget\" data-e-type=\"widget\" data-widget_type=\"heading.default\">\n\t\t\t\t<div class=\"elementor-widget-container\">\n\t\t\t\t\t<h2 class=\"elementor-heading-title elementor-size-default\">Eigentlich hatte Hans J\u00f8rgen Auerbach nie davon getr\u00e4umt, Erfinder oder Unternehmer zu werden. Aber nachdem er viele Jahre zun\u00e4chst als Spediteur und dann als Versicherungsvertreter \u00fcber die unz\u00e4hligen Einbr\u00fcche ge\u00e4rgert hatte, die in LKW-Container, K\u00fchlwagen, Sattelauflieger und Lagercontainer neben Betrieben und Baustellen aufgrund von schlechten Schl\u00f6ssern geschehen waren, nahm er sich vor, eine bessere L\u00f6sung zu entwerfen. Er wollte ein Sicherheitsschloss, das sowohl widerstandf\u00e4hig, solide und sicher, aber gleichzeitig auch kompakt und einfach in seiner Anwendung ist. Deshalb schloss er sich mit seinem Bruder Gerhard Auerbach zusammen, der Schwei\u00dfer war. So kam im Jahr 2000 das erste HLS-Schloss auf den Markt.<\/h2>\t\t\t\t<\/div>\n\t\t\t\t<\/div>\n\t\t\t\t<div class=\"elementor-element elementor-element-516bb32 elementor-widget elementor-widget-heading\" data-id=\"516bb32\" data-element_type=\"widget\" data-e-type=\"widget\" data-widget_type=\"heading.default\">\n\t\t\t\t<div class=\"elementor-widget-container\">\n\t\t\t\t\t<h2 class=\"elementor-heading-title elementor-size-default\">Obwohl Hans J\u00f8rgen Auerbach eher ein Mann der alten Schule war \u2013 zumindest in Bezug auf Marketing und Vertrieb \u2013 waren die Schl\u00f6sser doch schnell in aller Munde und die Schl\u00f6sser fanden ihren Weg zu Kunden nicht blo\u00df in D\u00e4nemark, sondern in ganz Europa. Er hatte keinen Onlineshop und bis in das Jahr 2020 bekamen alle Kunden ihre Auftragsbest\u00e4tigung per Fax zugeschickt.<\/h2>\t\t\t\t<\/div>\n\t\t\t\t<\/div>\n\t\t\t\t<div class=\"elementor-element elementor-element-f7ca036 elementor-widget elementor-widget-heading\" data-id=\"f7ca036\" data-element_type=\"widget\" data-e-type=\"widget\" data-widget_type=\"heading.default\">\n\t\t\t\t<div class=\"elementor-widget-container\">\n\t\t\t\t\t<h2 class=\"elementor-heading-title elementor-size-default\">Als Hans J\u00f8rgen Auerbach unerwartet im Jahr 2021 verstarb, \u00fcbernahm sein Schwiegersohn Peter Dubgaard den Betrieb. Peter Dubgaard ist eigentlich ausgebildeter Automatisierungstechniker und Lehrer, aber f\u00fchrt seit mehreren Jahren ebenfalls ein Unternehmen mit Produkten f\u00fcr motorisch unruhige Schulkinder.<\/h2>\t\t\t\t<\/div>\n\t\t\t\t<\/div>\n\t\t\t\t\t<\/div>\n\t\t<\/div>\n\t\t\t\t<div class=\"elementor-column elementor-col-50 elementor-top-column elementor-element elementor-element-7eb0a12\" data-id=\"7eb0a12\" data-element_type=\"column\" data-e-type=\"column\">\n\t\t\t<div class=\"elementor-widget-wrap elementor-element-populated\">\n\t\t\t\t\t\t<div class=\"elementor-element elementor-element-78fddbe elementor-widget elementor-widget-image\" data-id=\"78fddbe\" data-element_type=\"widget\" data-e-type=\"widget\" data-widget_type=\"image.default\">\n\t\t\t\t<div class=\"elementor-widget-container\">\n\t\t\t\t\t\t\t\t\t\t\t\t\t\t\t<img fetchpriority=\"high\" decoding=\"async\" width=\"900\" height=\"675\" src=\"https:\/\/high-lock-security.com\/wp-content\/uploads\/2022\/07\/image1-1024x768.jpg\" class=\"attachment-large size-large wp-image-844\" alt=\"\" srcset=\"https:\/\/high-lock-security.com\/wp-content\/uploads\/2022\/07\/image1-1024x768.jpg 1024w, https:\/\/high-lock-security.com\/wp-content\/uploads\/2022\/07\/image1-300x225.jpg 300w, https:\/\/high-lock-security.com\/wp-content\/uploads\/2022\/07\/image1-768x576.jpg 768w, https:\/\/high-lock-security.com\/wp-content\/uploads\/2022\/07\/image1-1536x1153.jpg 1536w, https:\/\/high-lock-security.com\/wp-content\/uploads\/2022\/07\/image1-600x450.jpg 600w, https:\/\/high-lock-security.com\/wp-content\/uploads\/2022\/07\/image1.jpg 1999w\" sizes=\"(max-width: 900px) 100vw, 900px\" \/>\t\t\t\t\t\t\t\t\t\t\t\t\t\t\t<\/div>\n\t\t\t\t<\/div>\n\t\t\t\t\t<\/div>\n\t\t<\/div>\n\t\t\t\t\t<\/div>\n\t\t<\/section>\n\t\t\t\t<section class=\"elementor-section elementor-top-section elementor-element elementor-element-fdca9f5 elementor-section-content-bottom elementor-section-boxed elementor-section-height-default elementor-section-height-default\" data-id=\"fdca9f5\" data-element_type=\"section\" data-e-type=\"section\" data-settings=\"{&quot;background_background&quot;:&quot;classic&quot;}\">\n\t\t\t\t\t\t\t<div class=\"elementor-background-overlay\"><\/div>\n\t\t\t\t\t\t\t<div class=\"elementor-container elementor-column-gap-default\">\n\t\t\t\t\t<div class=\"elementor-column elementor-col-100 elementor-top-column elementor-element elementor-element-13a2d29\" data-id=\"13a2d29\" data-element_type=\"column\" data-e-type=\"column\">\n\t\t\t<div class=\"elementor-widget-wrap elementor-element-populated\">\n\t\t\t\t\t\t<div class=\"elementor-element elementor-element-3761fdf elementor-widget elementor-widget-heading\" data-id=\"3761fdf\" data-element_type=\"widget\" data-e-type=\"widget\" data-widget_type=\"heading.default\">\n\t\t\t\t<div class=\"elementor-widget-container\">\n\t\t\t\t\t<h2 class=\"elementor-heading-title elementor-size-default\">Erfahrung aus \u00fcber 20 Jahren \u2013 und st\u00e4rker als je zuvor <\/h2>\t\t\t\t<\/div>\n\t\t\t\t<\/div>\n\t\t\t\t<div class=\"elementor-element elementor-element-04684d7 elementor-widget elementor-widget-heading\" data-id=\"04684d7\" data-element_type=\"widget\" data-e-type=\"widget\" data-widget_type=\"heading.default\">\n\t\t\t\t<div class=\"elementor-widget-container\">\n\t\t\t\t\t<h2 class=\"elementor-heading-title elementor-size-default\">High Lock Securitys Mission war schon immer das Entwerfen und Herstellen von Containerschl\u00f6ssern, die sowohl widerstandsf\u00e4hig, solide und diebstahlsicher, aber auch einfach in ihrer Anwendung sind. Mit anderen Worten: Die Sicherheitsschl\u00f6sser f\u00fcr Container auf dem Markt.<\/h2>\t\t\t\t<\/div>\n\t\t\t\t<\/div>\n\t\t\t\t<div class=\"elementor-element elementor-element-a589322 elementor-widget elementor-widget-heading\" data-id=\"a589322\" data-element_type=\"widget\" data-e-type=\"widget\" data-widget_type=\"heading.default\">\n\t\t\t\t<div class=\"elementor-widget-container\">\n\t\t\t\t\t<h2 class=\"elementor-heading-title elementor-size-default\">Das erste Schloss, das diese Kriterien erf\u00fcllen konnte, erschien bereits im Jahr 2000. Aber High Lock Security hat im Laufe der Jahre stetig weitere Modelle entwickelt, um den W\u00fcnschen und Bed\u00fcrfnissen der Kunden zu entsprechen. Und um in Bezug auf die Methoden der Diebe und Einbrecher am Puls der Zeit zu sein. Das bedeutet unter anderem, dass wir ein Modell mit extra Verst\u00e4rkung sowie eine XL-Ausgabe mit gr\u00f6\u00dferer Spannweite entworfen haben.<\/h2>\t\t\t\t<\/div>\n\t\t\t\t<\/div>\n\t\t\t\t<div class=\"elementor-element elementor-element-e66e88c elementor-widget elementor-widget-heading\" data-id=\"e66e88c\" data-element_type=\"widget\" data-e-type=\"widget\" data-widget_type=\"heading.default\">\n\t\t\t\t<div class=\"elementor-widget-container\">\n\t\t\t\t\t<h2 class=\"elementor-heading-title elementor-size-default\">Die ganz gro\u00dfe Neuigkeit ereignete sich jedoch im Jahr 2021, wo wir nach mehreren Jahren in Vorbereitung mit der deutschen VdS-Zertifizierung ausgezeichnet wurden \u2013 und dabei gleich f\u00fcr die h\u00f6chste Sicherheitsstufe. Das ist schwer zu erreichen und ein wichtiger Beweis daf\u00fcr, dass unsere Containerschl\u00f6sser Spitzenklasse sind, wenn es um Qualit\u00e4t und Sicherheit geht. <\/h2>\t\t\t\t<\/div>\n\t\t\t\t<\/div>\n\t\t\t\t\t<\/div>\n\t\t<\/div>\n\t\t\t\t\t<\/div>\n\t\t<\/section>\n\t\t\t\t<section class=\"elementor-section elementor-top-section elementor-element elementor-element-133dc44 elementor-section-height-min-height elementor-section-boxed elementor-section-height-default elementor-section-items-middle\" data-id=\"133dc44\" data-element_type=\"section\" data-e-type=\"section\" data-settings=\"{&quot;background_background&quot;:&quot;classic&quot;}\">\n\t\t\t\t\t\t<div class=\"elementor-container elementor-column-gap-default\">\n\t\t\t\t\t<div class=\"elementor-column elementor-col-100 elementor-top-column elementor-element elementor-element-84ca9c7\" data-id=\"84ca9c7\" data-element_type=\"column\" data-e-type=\"column\">\n\t\t\t<div class=\"elementor-widget-wrap elementor-element-populated\">\n\t\t\t\t\t\t<div class=\"elementor-element elementor-element-7b6d51d elementor-widget elementor-widget-heading\" data-id=\"7b6d51d\" data-element_type=\"widget\" data-e-type=\"widget\" data-widget_type=\"heading.default\">\n\t\t\t\t<div class=\"elementor-widget-container\">\n\t\t\t\t\t<h2 class=\"elementor-heading-title elementor-size-default\">Bereit die besten Containerschl\u00f6sser auf dem Markt zu probieren? Wir \u00fcbernehmen die Versandkosten.<\/h2>\t\t\t\t<\/div>\n\t\t\t\t<\/div>\n\t\t\t\t<div class=\"elementor-element elementor-element-d5fed92 elementor-hidden-mobile elementor-widget elementor-widget-spacer\" data-id=\"d5fed92\" data-element_type=\"widget\" data-e-type=\"widget\" data-widget_type=\"spacer.default\">\n\t\t\t\t<div class=\"elementor-widget-container\">\n\t\t\t\t\t\t\t<div class=\"elementor-spacer\">\n\t\t\t<div class=\"elementor-spacer-inner\"><\/div>\n\t\t<\/div>\n\t\t\t\t\t\t<\/div>\n\t\t\t\t<\/div>\n\t\t\t\t<div class=\"elementor-element elementor-element-8903e24 elementor-align-center elementor-widget elementor-widget-button\" data-id=\"8903e24\" data-element_type=\"widget\" data-e-type=\"widget\" data-widget_type=\"button.default\">\n\t\t\t\t<div class=\"elementor-widget-container\">\n\t\t\t\t\t\t\t\t\t<div class=\"elementor-button-wrapper\">\n\t\t\t\t\t<a class=\"elementor-button elementor-button-link elementor-size-sm\" href=\"https:\/\/high-lock-security.com\/de\/support\/\">\n\t\t\t\t\t\t<span class=\"elementor-button-content-wrapper\">\n\t\t\t\t\t\t\t\t\t<span class=\"elementor-button-text\">Kontaktieren Sie uns<\/span>\n\t\t\t\t\t<\/span>\n\t\t\t\t\t<\/a>\n\t\t\t\t<\/div>\n\t\t\t\t\t\t\t\t<\/div>\n\t\t\t\t<\/div>\n\t\t\t\t\t<\/div>\n\t\t<\/div>\n\t\t\t\t\t<\/div>\n\t\t<\/section>\n\t\t\t\t<\/div>","protected":false},"excerpt":{"rendered":"<p>Dansk design til hele Europa High Lock Security er en lille dansk iv\u00e6rks\u00e6ttervirksomhed fra S\u00f8nderborg med kunder i hele Europa. Den blev etableret af Hans J\u00f8rgen Auerbach i \u00e5r 2000 og bliver stadig drevet af familien. Forsikringsmanden, der ville s\u00e6tte en stopper for indbrud Det var egentlig ikke, fordi Hans J\u00f8rgen Auerbach altid havde dr\u00f8mt &#8230; <a title=\"\u00dcber uns\" class=\"read-more\" href=\"https:\/\/high-lock-security.com\/de\/om-os\/\" aria-label=\"Mehr Informationen \u00fcber Om Os\">Weiterlesen<\/a><\/p>","protected":false},"author":6,"featured_media":0,"parent":0,"menu_order":0,"comment_status":"closed","ping_status":"closed","template":"elementor_header_footer","meta":{"om_disable_all_campaigns":false,"inline_featured_image":false,"_monsterinsights_skip_tracking":false,"_monsterinsights_sitenote_active":false,"_monsterinsights_sitenote_note":"","_monsterinsights_sitenote_category":0,"_uf_show_specific_survey":0,"_uf_disable_surveys":false,"footnotes":""},"class_list":["post-398","page","type-page","status-publish"],"aioseo_notices":[],"_links":{"self":[{"href":"https:\/\/high-lock-security.com\/de\/wp-json\/wp\/v2\/pages\/398","targetHints":{"allow":["GET"]}}],"collection":[{"href":"https:\/\/high-lock-security.com\/de\/wp-json\/wp\/v2\/pages"}],"about":[{"href":"https:\/\/high-lock-security.com\/de\/wp-json\/wp\/v2\/types\/page"}],"author":[{"embeddable":true,"href":"https:\/\/high-lock-security.com\/de\/wp-json\/wp\/v2\/users\/6"}],"replies":[{"embeddable":true,"href":"https:\/\/high-lock-security.com\/de\/wp-json\/wp\/v2\/comments?post=398"}],"version-history":[{"count":5,"href":"https:\/\/high-lock-security.com\/de\/wp-json\/wp\/v2\/pages\/398\/revisions"}],"predecessor-version":[{"id":1200,"href":"https:\/\/high-lock-security.com\/de\/wp-json\/wp\/v2\/pages\/398\/revisions\/1200"}],"wp:attachment":[{"href":"https:\/\/high-lock-security.com\/de\/wp-json\/wp\/v2\/media?parent=398"}],"curies":[{"name":"wp","href":"https:\/\/api.w.org\/{rel}","templated":true}]}}