{"id":1042,"date":"2023-02-21T12:19:40","date_gmt":"2023-02-21T11:19:40","guid":{"rendered":"https:\/\/high-lock-security.com\/?page_id=1042"},"modified":"2023-02-21T12:21:19","modified_gmt":"2023-02-21T11:21:19","slug":"allgemeine-geschaftsbedingungen","status":"publish","type":"page","link":"https:\/\/high-lock-security.com\/de\/allgemeine-geschaftsbedingungen\/","title":{"rendered":"Allgemeine Gesch\u00e4ftsbedingungen"},"content":{"rendered":"<div data-elementor-type=\"wp-page\" data-elementor-id=\"1042\" class=\"elementor elementor-1042\" data-elementor-post-type=\"page\">\n\t\t\t\t\t\t<section class=\"elementor-section elementor-top-section elementor-element elementor-element-4d4a3e00 elementor-section-boxed elementor-section-height-default elementor-section-height-default\" data-id=\"4d4a3e00\" data-element_type=\"section\" data-e-type=\"section\">\n\t\t\t\t\t\t<div class=\"elementor-container elementor-column-gap-default\">\n\t\t\t\t\t<div class=\"elementor-column elementor-col-100 elementor-top-column elementor-element elementor-element-32a269c2\" data-id=\"32a269c2\" data-element_type=\"column\" data-e-type=\"column\">\n\t\t\t<div class=\"elementor-widget-wrap elementor-element-populated\">\n\t\t\t\t\t\t<div class=\"elementor-element elementor-element-68892d0f elementor-widget elementor-widget-heading\" data-id=\"68892d0f\" data-element_type=\"widget\" data-e-type=\"widget\" data-widget_type=\"heading.default\">\n\t\t\t\t<div class=\"elementor-widget-container\">\n\t\t\t\t\t<h2 class=\"elementor-heading-title elementor-size-default\">Retoure und Reklamationen<\/h2>\t\t\t\t<\/div>\n\t\t\t\t<\/div>\n\t\t\t\t\t<\/div>\n\t\t<\/div>\n\t\t\t\t\t<\/div>\n\t\t<\/section>\n\t\t\t\t<section class=\"elementor-section elementor-top-section elementor-element elementor-element-1e0ed891 elementor-section-boxed elementor-section-height-default elementor-section-height-default\" data-id=\"1e0ed891\" data-element_type=\"section\" data-e-type=\"section\">\n\t\t\t\t\t\t<div class=\"elementor-container elementor-column-gap-default\">\n\t\t\t\t\t<div class=\"elementor-column elementor-col-100 elementor-top-column elementor-element elementor-element-4769124a\" data-id=\"4769124a\" data-element_type=\"column\" data-e-type=\"column\">\n\t\t\t<div class=\"elementor-widget-wrap elementor-element-populated\">\n\t\t\t\t\t\t<div class=\"elementor-element elementor-element-b15b963 elementor-widget elementor-widget-text-editor\" data-id=\"b15b963\" data-element_type=\"widget\" data-e-type=\"widget\" data-widget_type=\"text-editor.default\">\n\t\t\t\t<div class=\"elementor-widget-container\">\n\t\t\t\t\t\t\t\t\t<p>Untenstehende Verkaufs- und Lieferungsbedingungen gelten f\u00fcr alle Lieferungen von High Lock Security.<\/p>\n<p>Die Bedingungen gelten im Falle, dass keine andere schriftliche Vereinbarungen zwischen Ihnen, dem K\u00e4ufer und High Lock Security getroffen sind. Unterlagen und Gebrauchsanweisungen Falls es zur Ware Produktbeschreibungen oder Gebrauchsanweisungen gibt, werden diese zusammen mit der Lieferung von High Lock Security erscheinen. Sollten Sie weitere Information oder Beratung von Seite High Lock Securitys w\u00fcnschen, sind diese beratende.<\/p>\n<p>High Lock Security steht daf\u00fcr ein, dass die Waren den Forderungen der CE-Markierung nachkommen. Die Lieferung der Waren von High Lock Security gilt als stattgefunden, wenn die Waren dem K\u00e4ufer ausgeliefert worden sind. Die Sendung erfolgt mit PDP. Lieferungszeit 3-5 Werktage.<\/p>\n<p>Die Gefahr der Waren bei High Lock Security wird Ihnen als Verbraucher zum Liefertermin \u00fcbertragen. Reklamation Etwaige Fehler und M\u00e4ngel bei Lieferung von High Lock Security sind zu angemessener Zeit nach Entdeckung des Fehlers anzuzeigen. Sie sind verpflichtet anzugeben und auf Verlangen nachzuweisen, worin der Fehler oder der Mangel besteht. Falls Sie einen Fehler entdecken, haben Sie sich schnell an High Lock Security zu wenden.<\/p>\n<p>Sie k\u00f6nnen sich als Ausgangspunkt nur \u00fcber M\u00e4ngel beschweren, die sp\u00e4testens 2 Jahre nach der Lieferung der Ware auftreten. F\u00fcr Waren mit befristeter Haltbarkeit, ist Ihre Klagem\u00f6glichkeit von der von High Lock Security in Aussicht gestellten Haltbarkeitsperiode befristet. Preis und Zahlung In diesem Shop k\u00f6nnen Sie ihre Waren online bestellen und mit Kreditkarte, Paypal oder Klarna bezahlen: High Lock Security leistet ein R\u00fccktrittsrecht von 14 Tagen, geltend vom Eingangsdatum der Waren.<\/p>\n<p>Falls Sie vom Kauf zur\u00fccktreten m\u00f6chten, m\u00fcssen Sie sp\u00e4testens 14 Werktage nach dem Eingangsdatum High Lock Security davon unterrichten. Sie verpflichten sich die Ware im wesentlich selben Stand und in der selben Menge zur\u00fcckzuliefern. Sie verpflichten sich alle mit der Zur\u00fccklieferung der Waren verbundenen Kosten zu tragen. Ihr Name und Adresse.<\/p>\n<p><b>1. GELTUNGSBEREICH<\/b><br>F\u00fcr alle Bestellungen \u00fcber unseren Online-Shop gelten die nachfolgenden AGB. Unser Online-Shop richtet sich ausschlie\u00dflich an Verbraucher.<\/p>\n<p>Verbraucher ist jede nat\u00fcrliche Person, die ein Rechtsgesch\u00e4ft zu Zwecken abschlie\u00dft, die \u00fcberwiegend weder ihrer gewerblichen noch ihrer selbst\u00e4ndigen beruflichen T\u00e4tigkeit zugerechnet werden k\u00f6nnen. Unternehmer ist eine nat\u00fcrliche oder juristische Person oder eine rechtsf\u00e4hige Personengesellschaft, die bei Abschluss eines Rechtsgesch\u00e4fts in Aus\u00fcbung ihrer gewerblichen oder selbst\u00e4ndigen beruflichen T\u00e4tigkeit handelt.<\/p>\n<p><b>2. VERTRAGSPARTNER, VERTRAGSSCHLUSS, KORREKTURM\u00d6GLICHKEITEN<\/b><br>Der Kaufvertrag kommt zustande mit High Lock Security<\/p>\n<p>Mit Einstellung der Produkte in den Online-Shop geben wir ein verbindliches Angebot zum Vertragsschluss \u00fcber diese Artikel ab. Sie k\u00f6nnen unsere Produkte zun\u00e4chst unverbindlich in den Warenkorb legen und Ihre Eingaben vor Absenden Ihrer verbindlichen Bestellung jederzeit korrigieren, indem Sie die hierf\u00fcr im Bestellablauf vorgesehenen und erl\u00e4uterten Korrekturhilfen nutzen. Der Vertrag kommt zustande, indem Sie durch Anklicken des Bestellbuttons das Angebot \u00fcber die im Warenkorb enthaltenen Waren annehmen. Unmittelbar nach dem Absenden der Bestellung erhalten Sie noch einmal eine Best\u00e4tigung per E-Mail.<\/p>\n<p><b>3. VERTRAGSSPRACHE, VERTRAGSTEXTSPEICHERUNG<\/b><br>Die f\u00fcr den Vertragsschluss zur Verf\u00fcgung stehende(n) Sprache(n): Deutsch<br>Wir speichern den Vertragstext und senden Ihnen die Bestelldaten und unsere AGB in Textform zu. Den Vertragstext k\u00f6nnen Sie in unserem Kunden-Login einsehen.<\/p>\n<p><b>4. LIEFERBEDINGUNGEN<\/b><br>Zuz\u00fcglich zu den angegebenen Produktpreisen k\u00f6nnen noch Versandkosten anfallen. N\u00e4here Bestimmungen zu ggf. anfallenden Versandkosten erfahren Sie bei den Angeboten.<\/p>\n<p><b>5. BEZAHLUNG<\/b><br>In unserem Shop stehen Ihnen grunds\u00e4tzlich die folgenden Zahlungsarten zur Verf\u00fcgung:<\/p>\n<p>Kreditkarte<br>Mit Abgabe der Bestellung geben Sie Ihre Kreditkartendaten an. Ihre Karte wird nach Versendung der Ware belastet.<\/p>\n<p>PayPal<br>Um den Rechnungsbetrag \u00fcber den Zahlungsdienstleister PayPal (Europe) S.\u00e0 r.l. et Cie, S.C.A, 22-24 Boulevard Royal, L-2449 Luxembourg (\u201ePayPal\u201c) bezahlen zu k\u00f6nnen, m\u00fcssen Sie bei PayPal registriert sein, sich mit Ihren Zugangsdaten legitimieren und die Zahlungsanweisung best\u00e4tigen. Die Zahlungstransaktion wird durch PayPal nach Versendung der Ware durchgef\u00fchrt. Weitere Hinweise erhalten Sie im Bestellvorgang.<\/p>\n<p><b>6. GEW\u00c4HRLEISTUNG UND GARANTIEN<\/b><br>Es gilt das gesetzliche M\u00e4ngelhaftungsrecht. Informationen zu gegebenenfalls geltenden zus\u00e4tzlichen Garantien und deren genaue Bedingungen finden Sie jeweils beim Produkt und auf besonderen Informationsseiten im Online-Shop.<\/p>\n<p>Kundendienst: Sie erreichen unseren Kundendienst f\u00fcr Fragen, Reklamationen und Beanstandungen Montags bis Freitags von 9.00-17.00 Telefonnummer 004581406010 sowie per E-Mail unter info@HighLock.de.<\/p>\n<p><b>7. HAFTUNG<\/b><br>F\u00fcr Anspr\u00fcche aufgrund von Sch\u00e4den, die durch uns, unsere gesetzlichen Vertreter oder Erf\u00fcllungsgehilfen verursacht wurden, haften wir stets unbeschr\u00e4nkt<\/p>\n<p>&nbsp;* bei Verletzung des Lebens, des K\u00f6rpers oder der Gesundheit,<br>&nbsp;* bei vors\u00e4tzlicher oder grob fahrl\u00e4ssiger Pflichtverletzung,<br>&nbsp;* bei Garantieversprechen, soweit vereinbart, oder<br>&nbsp;* soweit der Anwendungsbereich des Produkthaftungsgesetzes er\u00f6ffnet ist.<\/p>\n<p>Bei Verletzung wesentlicher Vertragspflichten, deren Erf\u00fcllung die ordnungsgem\u00e4\u00dfe Durchf\u00fchrung des Vertrages \u00fcberhaupt erst erm\u00f6glicht und auf deren Einhaltung der Vertragspartner regelm\u00e4\u00dfig vertrauen darf, (Kardinalpflichten) durch leichte Fahrl\u00e4ssigkeit von uns, unseren gesetzlichen Vertretern oder Erf\u00fcllungsgehilfen ist die Haftung der H\u00f6he nach auf den bei Vertragsschluss vorhersehbaren Schaden begrenzt, mit dessen Entstehung typischerweise gerechnet werden muss.<br>Im \u00dcbrigen sind Anspr\u00fcche auf Schadensersatz ausgeschlossen.<\/p>\n<p><b>8. STREITBEILEGUNG<\/b><br>Die Europ\u00e4ische Kommission stellt eine Plattform zur Online-Streitbeilegung (OS) bereit, die Sie hier finden. Zur Teilnahme an einem Streitbeilegungsverfahren vor einer Verbraucherschlichtungsstelle sind wir nicht verpflichtet und nicht bereit.<\/p>\n<p>Allgemeine&nbsp;Gesch\u00e4ftsbedingungen wurden zuletzt am 29\/9-21 aktualisiert.<\/p>\n<p>Cookie-Richtlinien<br>Auf High Lock Security.de werden Cookies verwendet, die daf\u00fcr notwendig sind die Funktionalit\u00e4t des Shops zu sichern und das Erlebnis so angenehm wie m\u00f6glich zu machen.<\/p>\n<p>Wir benutzen folgende Cookies:<\/p>\n<p>Notwendige\/Technische:&nbsp;Cookies die notwendig sind, damit die Homepage funktioniert.<\/p>\n<p>Funktionelle:&nbsp;Cookies die daf\u00fcr verwendet werden deine Pr\u00e4ferenzen zu speichern indem sie die Einstellungen speichern die du auf der Homepage machst.<\/p>\n<p>Statistische:&nbsp;Cookies die zum optimieren des Designs, Benutzerfreundlichkeit und Effektivit\u00e4t benutzt werden. Die eingesammelten Informationen k\u00f6nnen z.B. in Analysen benutzt werden die zeigen welche Brands und Blogeintr\u00e4ge am beliebtesten sind, so dass wir High Lock Security.de so interessant wie m\u00f6glich gestallten k\u00f6nnen.&nbsp;<\/p>\n<p>Marketing:&nbsp;Cookies die sichern dir relevante Annoncen, Kampagnen und Angebote zu zeigen wenn du soziale Medien wie Facebook, Instagram, Suchen auf Google oder verschiedene Seiten im Internet besuchst.<\/p>\n<p>Du kannst immer Cookies l\u00f6schen oder deine Zustimmung zur\u00fcckziehen.<br>Du kannst Cookies auf dieser Homepage l\u00f6schen oder blokieren indem du dein Einverst\u00e4ndnis zur\u00fcckziehst oder sie in deinem Browser abschaltest. Du musst jedoch darauf aufmerksam sein, dass wenn Cookies abgew\u00e4hlt oder gel\u00f6scht werden, kann es Funktionen und Services geben, die nicht l\u00e4nger benutzt werden k\u00f6nnen.<\/p>\n<p>Du hast immer die M\u00f6glichkeit deine Zustimmung zu Cookies zur\u00fcckzuziehen indem du&nbsp;hier klickst.<\/p>\n<p>Du hast auch immer die M\u00f6glichkeit Cookies in deinem Browser zu blokieren oder l\u00f6schen (wenn du Drittanbietercookies l\u00f6schen oder blokieren willst, kann dies nur mit dieser Methode gemacht werden). Wenn du mehrere Browser benutzt, musst du Cookies in allen Browsern blokieren.<\/p>\t\t\t\t\t\t\t\t<\/div>\n\t\t\t\t<\/div>\n\t\t\t\t\t<\/div>\n\t\t<\/div>\n\t\t\t\t\t<\/div>\n\t\t<\/section>\n\t\t\t\t<\/div>","protected":false},"excerpt":{"rendered":"<p>Retoure und Reklamationen Untenstehende Verkaufs- und Lieferungsbedingungen gelten f\u00fcr alle Lieferungen von High Lock Security. Die Bedingungen gelten im Falle, dass keine andere schriftliche Vereinbarungen zwischen Ihnen, dem K\u00e4ufer und High Lock Security getroffen sind. Unterlagen und Gebrauchsanweisungen Falls es zur Ware Produktbeschreibungen oder Gebrauchsanweisungen gibt, werden diese zusammen mit der Lieferung von High Lock &#8230; <a title=\"Allgemeine Gesch\u00e4ftsbedingungen\" class=\"read-more\" href=\"https:\/\/high-lock-security.com\/de\/allgemeine-geschaftsbedingungen\/\" aria-label=\"Mehr Informationen \u00fcber Allgemeine Gesch\u00e4ftsbedingungen\">Weiterlesen<\/a><\/p>","protected":false},"author":6,"featured_media":0,"parent":0,"menu_order":0,"comment_status":"closed","ping_status":"closed","template":"elementor_header_footer","meta":{"om_disable_all_campaigns":false,"inline_featured_image":false,"_monsterinsights_skip_tracking":false,"_monsterinsights_sitenote_active":false,"_monsterinsights_sitenote_note":"","_monsterinsights_sitenote_category":0,"_uf_show_specific_survey":0,"_uf_disable_surveys":false,"footnotes":""},"class_list":["post-1042","page","type-page","status-publish"],"aioseo_notices":[],"_links":{"self":[{"href":"https:\/\/high-lock-security.com\/de\/wp-json\/wp\/v2\/pages\/1042","targetHints":{"allow":["GET"]}}],"collection":[{"href":"https:\/\/high-lock-security.com\/de\/wp-json\/wp\/v2\/pages"}],"about":[{"href":"https:\/\/high-lock-security.com\/de\/wp-json\/wp\/v2\/types\/page"}],"author":[{"embeddable":true,"href":"https:\/\/high-lock-security.com\/de\/wp-json\/wp\/v2\/users\/6"}],"replies":[{"embeddable":true,"href":"https:\/\/high-lock-security.com\/de\/wp-json\/wp\/v2\/comments?post=1042"}],"version-history":[{"count":4,"href":"https:\/\/high-lock-security.com\/de\/wp-json\/wp\/v2\/pages\/1042\/revisions"}],"predecessor-version":[{"id":1046,"href":"https:\/\/high-lock-security.com\/de\/wp-json\/wp\/v2\/pages\/1042\/revisions\/1046"}],"wp:attachment":[{"href":"https:\/\/high-lock-security.com\/de\/wp-json\/wp\/v2\/media?parent=1042"}],"curies":[{"name":"wp","href":"https:\/\/api.w.org\/{rel}","templated":true}]}}